{"id":10,"date":"2024-06-11T18:38:54","date_gmt":"2024-06-11T18:38:54","guid":{"rendered":"https:\/\/bluts.com.br\/?page_id=10"},"modified":"2025-04-30T00:08:05","modified_gmt":"2025-04-30T00:08:05","slug":"sobre-nos","status":"publish","type":"page","link":"https:\/\/bluts.com.br\/?page_id=10","title":{"rendered":"Sobre N\u00f3s"},"content":{"rendered":"\t\t<div data-elementor-type=\"wp-page\" data-elementor-id=\"10\" class=\"elementor elementor-10\" data-elementor-post-type=\"page\">\n\t\t\t\t<div class=\"elementor-element elementor-element-aafb1b2 e-flex e-con-boxed e-con e-parent\" data-id=\"aafb1b2\" data-element_type=\"container\">\n\t\t\t\t\t<div class=\"e-con-inner\">\n\t\t\t\t<div class=\"elementor-element elementor-element-a1019ed elementor-widget elementor-widget-heading\" data-id=\"a1019ed\" data-element_type=\"widget\" data-widget_type=\"heading.default\">\n\t\t\t\t<div class=\"elementor-widget-container\">\n\t\t\t\t\t<h2 class=\"elementor-heading-title elementor-size-default\">Conhe\u00e7a a Blut's<\/h2>\t\t\t\t<\/div>\n\t\t\t\t<\/div>\n\t\t\t\t\t<\/div>\n\t\t\t\t<\/div>\n\t\t<div class=\"elementor-element elementor-element-7933550 e-flex e-con-boxed e-con e-parent\" data-id=\"7933550\" data-element_type=\"container\">\n\t\t\t\t\t<div class=\"e-con-inner\">\n\t\t<div class=\"elementor-element elementor-element-9cc0cb5 e-con-full e-flex e-con e-child\" data-id=\"9cc0cb5\" data-element_type=\"container\">\n\t\t\t\t<div class=\"elementor-element elementor-element-c79c52c elementor-widget__width-initial elementor-widget elementor-widget-image\" data-id=\"c79c52c\" data-element_type=\"widget\" data-widget_type=\"image.default\">\n\t\t\t\t<div class=\"elementor-widget-container\">\n\t\t\t\t\t\t\t\t\t\t\t\t\t\t\t<img fetchpriority=\"high\" decoding=\"async\" width=\"800\" height=\"450\" src=\"https:\/\/bluts.com.br\/wp-content\/uploads\/2024\/06\/IMG_2954-1024x576.jpeg\" class=\"attachment-large size-large wp-image-199\" alt=\"\" srcset=\"https:\/\/bluts.com.br\/wp-content\/uploads\/2024\/06\/IMG_2954-1024x576.jpeg 1024w, https:\/\/bluts.com.br\/wp-content\/uploads\/2024\/06\/IMG_2954-300x169.jpeg 300w, https:\/\/bluts.com.br\/wp-content\/uploads\/2024\/06\/IMG_2954-768x432.jpeg 768w, https:\/\/bluts.com.br\/wp-content\/uploads\/2024\/06\/IMG_2954-1536x864.jpeg 1536w, https:\/\/bluts.com.br\/wp-content\/uploads\/2024\/06\/IMG_2954-2048x1152.jpeg 2048w\" sizes=\"(max-width: 800px) 100vw, 800px\" \/>\t\t\t\t\t\t\t\t\t\t\t\t\t\t\t<\/div>\n\t\t\t\t<\/div>\n\t\t\t\t<\/div>\n\t\t<div class=\"elementor-element elementor-element-bf740eb e-con-full e-flex e-con e-child\" data-id=\"bf740eb\" data-element_type=\"container\">\n\t\t<div class=\"elementor-element elementor-element-106a366 e-con-full e-flex e-con e-child\" data-id=\"106a366\" data-element_type=\"container\">\n\t\t\t\t<div class=\"elementor-element elementor-element-328c77f elementor-widget__width-initial elementor-widget-mobile__width-initial elementor-widget elementor-widget-heading\" data-id=\"328c77f\" data-element_type=\"widget\" data-widget_type=\"heading.default\">\n\t\t\t\t<div class=\"elementor-widget-container\">\n\t\t\t\t\t<h2 class=\"elementor-heading-title elementor-size-default\">Somos especialistas em diagn\u00f3stico veterin\u00e1rio<\/h2>\t\t\t\t<\/div>\n\t\t\t\t<\/div>\n\t\t\t\t<\/div>\n\t\t<div class=\"elementor-element elementor-element-76ed3fb e-con-full e-flex e-con e-child\" data-id=\"76ed3fb\" data-element_type=\"container\">\n\t\t\t\t<div class=\"elementor-element elementor-element-c8c5d20 elementor-widget elementor-widget-text-editor\" data-id=\"c8c5d20\" data-element_type=\"widget\" data-widget_type=\"text-editor.default\">\n\t\t\t\t<div class=\"elementor-widget-container\">\n\t\t\t\t\t\t\t\t\t<p>A Blut\u2019s Centro de Diagn\u00f3sticos Veterin\u00e1rios \u00e9 especializada em exames de laborat\u00f3rio. Com um posicionamento de constante investimento nas principais tecnologias da \u00e1rea e, sobretudo, de respeito a profissionais e pacientes, a Blut\u2019s Centro de Diagn\u00f3sticos Veterin\u00e1rios \u00e9 sin\u00f4nimo de qualidade e efici\u00eancia. O centro foi fundado em 2013, pela necessidade de oferecer servi\u00e7os especializados em laborat\u00f3rio caracterizados pela total dedica\u00e7\u00e3o ao paciente, alta capacita\u00e7\u00e3o de seus especialistas, transpar\u00eancia e inova\u00e7\u00e3o. A Blut\u2019s \u00e9 coordenada pela m\u00e9dica veterin\u00e1ria Luciana Lacerda que possui ampla viv\u00eancia em ambientes acad\u00eamico, cient\u00edfico e hospitalar.<\/p>\t\t\t\t\t\t\t\t<\/div>\n\t\t\t\t<\/div>\n\t\t\t\t<\/div>\n\t\t\t\t<\/div>\n\t\t\t\t\t<\/div>\n\t\t\t\t<\/div>\n\t\t<div class=\"elementor-element elementor-element-d041aad e-flex e-con-boxed e-con e-parent\" data-id=\"d041aad\" data-element_type=\"container\">\n\t\t\t\t\t<div class=\"e-con-inner\">\n\t\t<div class=\"elementor-element elementor-element-0b41d33 e-con-full e-flex e-con e-child\" data-id=\"0b41d33\" data-element_type=\"container\">\n\t\t\t\t<div class=\"elementor-element elementor-element-3a5ca24 elementor-widget__width-initial elementor-widget elementor-widget-heading\" data-id=\"3a5ca24\" data-element_type=\"widget\" data-widget_type=\"heading.default\">\n\t\t\t\t<div class=\"elementor-widget-container\">\n\t\t\t\t\t<h2 class=\"elementor-heading-title elementor-size-default\">Nossos diferenciais<\/h2>\t\t\t\t<\/div>\n\t\t\t\t<\/div>\n\t\t\t\t<div class=\"elementor-element elementor-element-7f58bf2 elementor-widget__width-initial elementor-widget elementor-widget-text-editor\" data-id=\"7f58bf2\" data-element_type=\"widget\" data-widget_type=\"text-editor.default\">\n\t\t\t\t<div class=\"elementor-widget-container\">\n\t\t\t\t\t\t\t\t\t<p>\u2013 Localiza\u00e7\u00e3o central para todas as regi\u00f5es da cidade de Porto Alegre, R. Bar\u00e3o do Amazonas, 241.<br \/>\u2013 Atendimento personalizado desde a marca\u00e7\u00e3o do exame at\u00e9 a entrega do resultado.<br \/>\u2013 Respons\u00e1vel t\u00e9cnico e com dedica\u00e7\u00e3o exclusiva na cl\u00ednica.<br \/>\u2013 Estacionamento no Local.<br \/>\u2013 Servi\u00e7o de ponta em ambiente n\u00e3o hospitalar.<\/p>\t\t\t\t\t\t\t\t<\/div>\n\t\t\t\t<\/div>\n\t\t\t\t<\/div>\n\t\t<div class=\"elementor-element elementor-element-6f234d6 e-con-full elementor-hidden-mobile e-flex e-con e-child\" data-id=\"6f234d6\" data-element_type=\"container\">\n\t\t\t\t<div class=\"elementor-element elementor-element-85b34ea elementor-widget elementor-widget-image\" data-id=\"85b34ea\" data-element_type=\"widget\" data-widget_type=\"image.default\">\n\t\t\t\t<div class=\"elementor-widget-container\">\n\t\t\t\t\t\t\t\t\t\t\t\t\t\t\t<img decoding=\"async\" width=\"800\" height=\"600\" src=\"https:\/\/bluts.com.br\/wp-content\/uploads\/2024\/06\/IMG_3131-1024x768.jpeg\" class=\"attachment-large size-large wp-image-200\" alt=\"\" srcset=\"https:\/\/bluts.com.br\/wp-content\/uploads\/2024\/06\/IMG_3131-1024x768.jpeg 1024w, https:\/\/bluts.com.br\/wp-content\/uploads\/2024\/06\/IMG_3131-300x225.jpeg 300w, https:\/\/bluts.com.br\/wp-content\/uploads\/2024\/06\/IMG_3131-768x576.jpeg 768w, https:\/\/bluts.com.br\/wp-content\/uploads\/2024\/06\/IMG_3131-1536x1152.jpeg 1536w, https:\/\/bluts.com.br\/wp-content\/uploads\/2024\/06\/IMG_3131.jpeg 2048w\" sizes=\"(max-width: 800px) 100vw, 800px\" \/>\t\t\t\t\t\t\t\t\t\t\t\t\t\t\t<\/div>\n\t\t\t\t<\/div>\n\t\t\t\t<\/div>\n\t\t\t\t\t<\/div>\n\t\t\t\t<\/div>\n\t\t<div class=\"elementor-element elementor-element-b2f2732 e-flex e-con-boxed e-con e-parent\" data-id=\"b2f2732\" data-element_type=\"container\">\n\t\t\t\t\t<div class=\"e-con-inner\">\n\t\t<div class=\"elementor-element elementor-element-1afabd3 e-con-full e-flex e-con e-child\" data-id=\"1afabd3\" data-element_type=\"container\">\n\t\t\t\t<div class=\"elementor-element elementor-element-5e33c1e elementor-widget__width-initial elementor-widget elementor-widget-image\" data-id=\"5e33c1e\" data-element_type=\"widget\" data-widget_type=\"image.default\">\n\t\t\t\t<div class=\"elementor-widget-container\">\n\t\t\t\t\t\t\t\t\t\t\t\t\t\t\t<img decoding=\"async\" width=\"313\" height=\"369\" src=\"https:\/\/bluts.com.br\/wp-content\/uploads\/2024\/06\/team-1-1.jpg\" class=\"attachment-large size-large wp-image-201\" alt=\"\" srcset=\"https:\/\/bluts.com.br\/wp-content\/uploads\/2024\/06\/team-1-1.jpg 313w, https:\/\/bluts.com.br\/wp-content\/uploads\/2024\/06\/team-1-1-254x300.jpg 254w\" sizes=\"(max-width: 313px) 100vw, 313px\" \/>\t\t\t\t\t\t\t\t\t\t\t\t\t\t\t<\/div>\n\t\t\t\t<\/div>\n\t\t\t\t<\/div>\n\t\t<div class=\"elementor-element elementor-element-5554a9f e-con-full e-flex e-con e-child\" data-id=\"5554a9f\" data-element_type=\"container\">\n\t\t\t\t<div class=\"elementor-element elementor-element-17783aa elementor-widget__width-initial elementor-widget elementor-widget-heading\" data-id=\"17783aa\" data-element_type=\"widget\" data-widget_type=\"heading.default\">\n\t\t\t\t<div class=\"elementor-widget-container\">\n\t\t\t\t\t<h2 class=\"elementor-heading-title elementor-size-default\">LUCIANA LACERDA | CRMV 8.537<\/h2>\t\t\t\t<\/div>\n\t\t\t\t<\/div>\n\t\t\t\t<div class=\"elementor-element elementor-element-948473c elementor-widget elementor-widget-heading\" data-id=\"948473c\" data-element_type=\"widget\" data-widget_type=\"heading.default\">\n\t\t\t\t<div class=\"elementor-widget-container\">\n\t\t\t\t\t<h2 class=\"elementor-heading-title elementor-size-default\">Fundadora da Blut's<\/h2>\t\t\t\t<\/div>\n\t\t\t\t<\/div>\n\t\t\t\t<div class=\"elementor-element elementor-element-58ca9e0 elementor-widget elementor-widget-text-editor\" data-id=\"58ca9e0\" data-element_type=\"widget\" data-widget_type=\"text-editor.default\">\n\t\t\t\t<div class=\"elementor-widget-container\">\n\t\t\t\t\t\t\t\t\t<p><strong>Biografia:<\/strong>\u00a0Desde a gradua\u00e7\u00e3o, trabalha com hematologia e hemoterapia veterin\u00e1ria. \u00c9 fundadora e s\u00f3cia-propriet\u00e1ria do Blut\u2019s Centro de Diagn\u00f3sticos Veterin\u00e1rios e respons\u00e1vel pelo laborat\u00f3rio e banco de sangue do centro.<\/p><p><strong>Forma\u00e7\u00e3o acad\u00eamica:<\/strong>\u00a0Gradua\u00e7\u00e3o em Medicina Veterin\u00e1ria pela Universidade Federal do Rio Grande do Sul, Mestrado em Ci\u00eancias Veterin\u00e1rias pela Universidade Federal do Rio Grande do Sul e Doutorado em Ci\u00eancias Veterin\u00e1rias pela mesma institui\u00e7\u00e3o.<\/p><p><strong>\u00c1reas de atua\u00e7\u00e3o:<\/strong>\u00a0Hematologia e Hemoterapia<\/p>\t\t\t\t\t\t\t\t<\/div>\n\t\t\t\t<\/div>\n\t\t\t\t<\/div>\n\t\t\t\t\t<\/div>\n\t\t\t\t<\/div>\n\t\t<div class=\"elementor-element elementor-element-7618a77 e-flex e-con-boxed e-con e-parent\" data-id=\"7618a77\" data-element_type=\"container\">\n\t\t\t\t\t<div class=\"e-con-inner\">\n\t\t\t\t<div class=\"elementor-element elementor-element-db9af30 elementor-widget__width-initial elementor-widget-mobile__width-initial elementor-view-default elementor-position-top elementor-mobile-position-top elementor-widget elementor-widget-icon-box\" data-id=\"db9af30\" data-element_type=\"widget\" data-widget_type=\"icon-box.default\">\n\t\t\t\t<div class=\"elementor-widget-container\">\n\t\t\t\t\t\t\t<div class=\"elementor-icon-box-wrapper\">\n\n\t\t\t\t\t\t<div class=\"elementor-icon-box-icon\">\n\t\t\t\t<span  class=\"elementor-icon\">\n\t\t\t\t<svg aria-hidden=\"true\" class=\"e-font-icon-svg e-far-check-circle\" viewBox=\"0 0 512 512\" xmlns=\"http:\/\/www.w3.org\/2000\/svg\"><path d=\"M256 8C119.033 8 8 119.033 8 256s111.033 248 248 248 248-111.033 248-248S392.967 8 256 8zm0 48c110.532 0 200 89.451 200 200 0 110.532-89.451 200-200 200-110.532 0-200-89.451-200-200 0-110.532 89.451-200 200-200m140.204 130.267l-22.536-22.718c-4.667-4.705-12.265-4.736-16.97-.068L215.346 303.697l-59.792-60.277c-4.667-4.705-12.265-4.736-16.97-.069l-22.719 22.536c-4.705 4.667-4.736 12.265-.068 16.971l90.781 91.516c4.667 4.705 12.265 4.736 16.97.068l172.589-171.204c4.704-4.668 4.734-12.266.067-16.971z\"><\/path><\/svg>\t\t\t\t<\/span>\n\t\t\t<\/div>\n\t\t\t\n\t\t\t\t\t\t<div class=\"elementor-icon-box-content\">\n\n\t\t\t\t\t\t\t\t\t<h3 class=\"elementor-icon-box-title\">\n\t\t\t\t\t\t<span  >\n\t\t\t\t\t\t\tMiss\u00e3o\t\t\t\t\t\t<\/span>\n\t\t\t\t\t<\/h3>\n\t\t\t\t\n\t\t\t\t\t\t\t\t\t<p class=\"elementor-icon-box-description\">\n\t\t\t\t\t\tPrestar servi\u00e7os diferenciados em diagn\u00f3stico por imagem, exames laboratoriais e banco de sangue de forma humana, \u00e1gil e personalizada, visando o bem-estar e contribuindo para a preserva\u00e7\u00e3o da vida de animais de companhia.\t\t\t\t\t<\/p>\n\t\t\t\t\n\t\t\t<\/div>\n\t\t\t\n\t\t<\/div>\n\t\t\t\t\t\t<\/div>\n\t\t\t\t<\/div>\n\t\t\t\t<div class=\"elementor-element elementor-element-3c6b75a elementor-widget__width-initial elementor-widget-mobile__width-initial elementor-view-default elementor-position-top elementor-mobile-position-top elementor-widget elementor-widget-icon-box\" data-id=\"3c6b75a\" data-element_type=\"widget\" data-widget_type=\"icon-box.default\">\n\t\t\t\t<div class=\"elementor-widget-container\">\n\t\t\t\t\t\t\t<div class=\"elementor-icon-box-wrapper\">\n\n\t\t\t\t\t\t<div class=\"elementor-icon-box-icon\">\n\t\t\t\t<span  class=\"elementor-icon\">\n\t\t\t\t<svg aria-hidden=\"true\" class=\"e-font-icon-svg e-far-check-circle\" viewBox=\"0 0 512 512\" xmlns=\"http:\/\/www.w3.org\/2000\/svg\"><path d=\"M256 8C119.033 8 8 119.033 8 256s111.033 248 248 248 248-111.033 248-248S392.967 8 256 8zm0 48c110.532 0 200 89.451 200 200 0 110.532-89.451 200-200 200-110.532 0-200-89.451-200-200 0-110.532 89.451-200 200-200m140.204 130.267l-22.536-22.718c-4.667-4.705-12.265-4.736-16.97-.068L215.346 303.697l-59.792-60.277c-4.667-4.705-12.265-4.736-16.97-.069l-22.719 22.536c-4.705 4.667-4.736 12.265-.068 16.971l90.781 91.516c4.667 4.705 12.265 4.736 16.97.068l172.589-171.204c4.704-4.668 4.734-12.266.067-16.971z\"><\/path><\/svg>\t\t\t\t<\/span>\n\t\t\t<\/div>\n\t\t\t\n\t\t\t\t\t\t<div class=\"elementor-icon-box-content\">\n\n\t\t\t\t\t\t\t\t\t<h3 class=\"elementor-icon-box-title\">\n\t\t\t\t\t\t<span  >\n\t\t\t\t\t\t\tVis\u00e3o\t\t\t\t\t\t<\/span>\n\t\t\t\t\t<\/h3>\n\t\t\t\t\n\t\t\t\t\t\t\t\t\t<p class=\"elementor-icon-box-description\">\n\t\t\t\t\t\tTornar-se um centro reconhecido pela qualidade de seus servi\u00e7os, autossustent\u00e1vel e com tecnologia de ponta.\t\t\t\t\t<\/p>\n\t\t\t\t\n\t\t\t<\/div>\n\t\t\t\n\t\t<\/div>\n\t\t\t\t\t\t<\/div>\n\t\t\t\t<\/div>\n\t\t\t\t<div class=\"elementor-element elementor-element-a756328 elementor-widget__width-initial elementor-widget-mobile__width-initial elementor-view-default elementor-position-top elementor-mobile-position-top elementor-widget elementor-widget-icon-box\" data-id=\"a756328\" data-element_type=\"widget\" data-widget_type=\"icon-box.default\">\n\t\t\t\t<div class=\"elementor-widget-container\">\n\t\t\t\t\t\t\t<div class=\"elementor-icon-box-wrapper\">\n\n\t\t\t\t\t\t<div class=\"elementor-icon-box-icon\">\n\t\t\t\t<span  class=\"elementor-icon\">\n\t\t\t\t<svg aria-hidden=\"true\" class=\"e-font-icon-svg e-far-check-circle\" viewBox=\"0 0 512 512\" xmlns=\"http:\/\/www.w3.org\/2000\/svg\"><path d=\"M256 8C119.033 8 8 119.033 8 256s111.033 248 248 248 248-111.033 248-248S392.967 8 256 8zm0 48c110.532 0 200 89.451 200 200 0 110.532-89.451 200-200 200-110.532 0-200-89.451-200-200 0-110.532 89.451-200 200-200m140.204 130.267l-22.536-22.718c-4.667-4.705-12.265-4.736-16.97-.068L215.346 303.697l-59.792-60.277c-4.667-4.705-12.265-4.736-16.97-.069l-22.719 22.536c-4.705 4.667-4.736 12.265-.068 16.971l90.781 91.516c4.667 4.705 12.265 4.736 16.97.068l172.589-171.204c4.704-4.668 4.734-12.266.067-16.971z\"><\/path><\/svg>\t\t\t\t<\/span>\n\t\t\t<\/div>\n\t\t\t\n\t\t\t\t\t\t<div class=\"elementor-icon-box-content\">\n\n\t\t\t\t\t\t\t\t\t<h3 class=\"elementor-icon-box-title\">\n\t\t\t\t\t\t<span  >\n\t\t\t\t\t\t\tValores\t\t\t\t\t\t<\/span>\n\t\t\t\t\t<\/h3>\n\t\t\t\t\n\t\t\t\t\t\t\t\t\t<p class=\"elementor-icon-box-description\">\n\t\t\t\t\t\tQualidade, efici\u00eancia e compet\u00eancia na presta\u00e7\u00e3o de servi\u00e7os a animais de companhia.Tecnologia adequada para precis\u00e3o diagn\u00f3stica. Desenvolvimento pessoal e profissional valorizando o trabalho em equipe. Gest\u00e3o \u00e9tica e transparente. Valoriza\u00e7\u00e3o e integra\u00e7\u00e3o \u00e0 comunidade m\u00e9dica veterin\u00e1ria. Sustentabilidade. Atendimento e servi\u00e7os voltados ao bem-estar do paciente e do tutor.\t\t\t\t\t<\/p>\n\t\t\t\t\n\t\t\t<\/div>\n\t\t\t\n\t\t<\/div>\n\t\t\t\t\t\t<\/div>\n\t\t\t\t<\/div>\n\t\t\t\t\t<\/div>\n\t\t\t\t<\/div>\n\t\t<div class=\"elementor-element elementor-element-48a93a6 e-flex e-con-boxed e-con e-parent\" data-id=\"48a93a6\" data-element_type=\"container\">\n\t\t\t\t\t<div class=\"e-con-inner\">\n\t\t\t\t<div class=\"elementor-element elementor-element-8d08494 elementor-widget__width-initial elementor-widget-mobile__width-initial elementor-widget elementor-widget-google_maps\" data-id=\"8d08494\" data-element_type=\"widget\" data-widget_type=\"google_maps.default\">\n\t\t\t\t<div class=\"elementor-widget-container\">\n\t\t\t\t\t\t\t<div class=\"elementor-custom-embed\">\n\t\t\t<iframe loading=\"lazy\"\n\t\t\t\t\tsrc=\"https:\/\/maps.google.com\/maps?q=R.%20Bar%C3%A3o%20do%20Amazonas%2C%20241%20-%20Petr%C3%B3polis%2C%20Porto%20Alegre%20-%20RS%2C%2090670-003&#038;t=m&#038;z=15&#038;output=embed&#038;iwloc=near\"\n\t\t\t\t\ttitle=\"R. Bar\u00e3o do Amazonas, 241 - Petr\u00f3polis, Porto Alegre - RS, 90670-003\"\n\t\t\t\t\taria-label=\"R. Bar\u00e3o do Amazonas, 241 - Petr\u00f3polis, Porto Alegre - RS, 90670-003\"\n\t\t\t><\/iframe>\n\t\t<\/div>\n\t\t\t\t\t\t<\/div>\n\t\t\t\t<\/div>\n\t\t\t\t\t<\/div>\n\t\t\t\t<\/div>\n\t\t\t\t<\/div>\n\t\t","protected":false},"excerpt":{"rendered":"<p>Conhe\u00e7a a Blut&#8217;s Somos especialistas em diagn\u00f3stico veterin\u00e1rio A Blut\u2019s Centro de Diagn\u00f3sticos Veterin\u00e1rios \u00e9 especializada em exames de laborat\u00f3rio. Com um posicionamento de constante investimento nas principais tecnologias da \u00e1rea e, sobretudo, de respeito a profissionais e pacientes, a Blut\u2019s Centro de Diagn\u00f3sticos Veterin\u00e1rios \u00e9 sin\u00f4nimo de qualidade e efici\u00eancia. O centro foi fundado [&hellip;]<\/p>\n","protected":false},"author":1,"featured_media":0,"parent":0,"menu_order":0,"comment_status":"closed","ping_status":"closed","template":"elementor_header_footer","meta":{"_joinchat":[],"footnotes":""},"class_list":["post-10","page","type-page","status-publish","hentry"],"_links":{"self":[{"href":"https:\/\/bluts.com.br\/index.php?rest_route=\/wp\/v2\/pages\/10","targetHints":{"allow":["GET"]}}],"collection":[{"href":"https:\/\/bluts.com.br\/index.php?rest_route=\/wp\/v2\/pages"}],"about":[{"href":"https:\/\/bluts.com.br\/index.php?rest_route=\/wp\/v2\/types\/page"}],"author":[{"embeddable":true,"href":"https:\/\/bluts.com.br\/index.php?rest_route=\/wp\/v2\/users\/1"}],"replies":[{"embeddable":true,"href":"https:\/\/bluts.com.br\/index.php?rest_route=%2Fwp%2Fv2%2Fcomments&post=10"}],"version-history":[{"count":22,"href":"https:\/\/bluts.com.br\/index.php?rest_route=\/wp\/v2\/pages\/10\/revisions"}],"predecessor-version":[{"id":400,"href":"https:\/\/bluts.com.br\/index.php?rest_route=\/wp\/v2\/pages\/10\/revisions\/400"}],"wp:attachment":[{"href":"https:\/\/bluts.com.br\/index.php?rest_route=%2Fwp%2Fv2%2Fmedia&parent=10"}],"curies":[{"name":"wp","href":"https:\/\/api.w.org\/{rel}","templated":true}]}}