{"id":100,"date":"2024-06-19T18:08:44","date_gmt":"2024-06-19T18:08:44","guid":{"rendered":"https:\/\/bluts.com.br\/?page_id=100"},"modified":"2024-06-21T20:17:35","modified_gmt":"2024-06-21T20:17:35","slug":"banco-de-sangue","status":"publish","type":"page","link":"https:\/\/bluts.com.br\/?page_id=100","title":{"rendered":"Banco de Sangue"},"content":{"rendered":"\t\t<div data-elementor-type=\"wp-page\" data-elementor-id=\"100\" class=\"elementor elementor-100\" data-elementor-post-type=\"page\">\n\t\t\t\t<div class=\"elementor-element elementor-element-67b9b31 e-flex e-con-boxed e-con e-parent\" data-id=\"67b9b31\" data-element_type=\"container\">\n\t\t\t\t\t<div class=\"e-con-inner\">\n\t\t\t\t<div class=\"elementor-element elementor-element-40cca43 elementor-widget elementor-widget-heading\" data-id=\"40cca43\" data-element_type=\"widget\" data-widget_type=\"heading.default\">\n\t\t\t\t<div class=\"elementor-widget-container\">\n\t\t\t\t\t<h2 class=\"elementor-heading-title elementor-size-default\">Banco de Sangue<\/h2>\t\t\t\t<\/div>\n\t\t\t\t<\/div>\n\t\t\t\t<div class=\"elementor-element elementor-element-071d2d4 elementor-widget elementor-widget-image\" data-id=\"071d2d4\" data-element_type=\"widget\" data-widget_type=\"image.default\">\n\t\t\t\t<div class=\"elementor-widget-container\">\n\t\t\t\t\t\t\t\t\t\t\t\t\t\t\t<img fetchpriority=\"high\" decoding=\"async\" width=\"328\" height=\"172\" src=\"https:\/\/bluts.com.br\/wp-content\/uploads\/2024\/06\/banco-1.png\" class=\"attachment-large size-large wp-image-77\" alt=\"\" srcset=\"https:\/\/bluts.com.br\/wp-content\/uploads\/2024\/06\/banco-1.png 328w, https:\/\/bluts.com.br\/wp-content\/uploads\/2024\/06\/banco-1-300x157.png 300w\" sizes=\"(max-width: 328px) 100vw, 328px\" \/>\t\t\t\t\t\t\t\t\t\t\t\t\t\t\t<\/div>\n\t\t\t\t<\/div>\n\t\t\t\t<div class=\"elementor-element elementor-element-54b9573 elementor-widget__width-initial elementor-widget elementor-widget-text-editor\" data-id=\"54b9573\" data-element_type=\"widget\" data-widget_type=\"text-editor.default\">\n\t\t\t\t<div class=\"elementor-widget-container\">\n\t\t\t\t\t\t\t\t\t<p>Um dos diferenciais mais not\u00e1veis da Blut&#8217;s \u00e9 o seu pr\u00f3prio banco de sangue. Este recurso permite que a cl\u00ednica mantenha um estoque constante e seguro de sangue, essencial para transfus\u00f5es e tratamentos de emerg\u00eancia. Isso garante que, em situa\u00e7\u00f5es cr\u00edticas, os animais tenham acesso imediato ao suporte necess\u00e1rio, aumentando significativamente suas chances de recupera\u00e7\u00e3o.<\/p><p>Al\u00e9m das avan\u00e7adas tecnologias de diagn\u00f3stico e do banco de sangue, a Blut&#8217;s \u00e9 reconhecida pelo atendimento de alta qualidade que oferece aos pets e seus tutores. Nossa equipe \u00e9 composta por profissionais altamente qualificados e experientes, que tratam cada animal com dedica\u00e7\u00e3o e carinho, criando um ambiente acolhedor e seguro. Desde o momento em que o pet entra na cl\u00ednica, ele \u00e9 tratado como um membro da fam\u00edlia, com respeito e aten\u00e7\u00e3o a cada detalhe de sua sa\u00fade e bem-estar.<\/p>\t\t\t\t\t\t\t\t<\/div>\n\t\t\t\t<\/div>\n\t\t\t\t<div class=\"elementor-element elementor-element-f48297d elementor-widget elementor-widget-heading\" data-id=\"f48297d\" data-element_type=\"widget\" data-widget_type=\"heading.default\">\n\t\t\t\t<div class=\"elementor-widget-container\">\n\t\t\t\t\t<h2 class=\"elementor-heading-title elementor-size-default\">O que \u00e9 preciso para ser <br>um pet doador? <\/h2>\t\t\t\t<\/div>\n\t\t\t\t<\/div>\n\t\t\t\t<div class=\"elementor-element elementor-element-060549a elementor-widget__width-initial elementor-widget elementor-widget-text-editor\" data-id=\"060549a\" data-element_type=\"widget\" data-widget_type=\"text-editor.default\">\n\t\t\t\t<div class=\"elementor-widget-container\">\n\t\t\t\t\t\t\t\t\t<p>Antes de doar, \u00e9 preciso saber de o seu animal se encaixa nos pr\u00e9-requisitos de doador.<\/p><p>Para isso, \u00e9 importante que o tutor responda algumas perguntas sobre a vida e a sa\u00fade do seu gato ou cachorro.<\/p><p>Se o seu animal se encaixar em todos os requisitos, ele passar\u00e1 por uma s\u00e9rie de exames cl\u00ednicos e laboratoriais.\u00a0<\/p><p>Assim, verificaremos como est\u00e1 a sa\u00fade do seu animal de estima\u00e7\u00e3o, e se \u00e9 seguro para ele fazer a doa\u00e7\u00e3o.\u00a0<\/p><p>Se aprovado nos exames, o animal vai para a fase de coleta do sangue.\u00a0<\/p><p><strong>C\u00e3es:\u00a0<\/strong>o procedimento dura de 6 a 7 minutos e n\u00e3o requer anestesia.\u00a0<\/p><p><strong>Gatos:\u00a0<\/strong>o procedimento dura de 10 a 15 minutos e requer anestesia.\u00a0<\/p><p>Ap\u00f3s o procedimento, os animais ficam por um tempo em observa\u00e7\u00e3o para garantir que est\u00e1 tudo bem.\u00a0<\/p><p><strong>C\u00e3es:\u00a0<\/strong>s\u00e3o observados por 15 minutos e podem ir para casa normalmente. N\u00e3o \u00e9 recomendada a pr\u00e1tica de exerc\u00edcios intensos nas pr\u00f3ximas 24h.<\/p><p><strong>Gatos:\u00a0<\/strong>se recuperam da anestesia em at\u00e9 2h e podem ir para casa normalmente.\u00a0\u00a0<\/p><p>\u00a0<\/p>\t\t\t\t\t\t\t\t<\/div>\n\t\t\t\t<\/div>\n\t\t\t\t<div class=\"elementor-element elementor-element-7ebd5ad elementor-widget elementor-widget-heading\" data-id=\"7ebd5ad\" data-element_type=\"widget\" data-widget_type=\"heading.default\">\n\t\t\t\t<div class=\"elementor-widget-container\">\n\t\t\t\t\t<h2 class=\"elementor-heading-title elementor-size-default\">Pr\u00e9-requisitos b\u00e1sicos para doadores: <\/h2>\t\t\t\t<\/div>\n\t\t\t\t<\/div>\n\t\t\t\t\t<\/div>\n\t\t\t\t<\/div>\n\t\t<div class=\"elementor-element elementor-element-b11da3c e-con-full e-flex e-con e-parent\" data-id=\"b11da3c\" data-element_type=\"container\">\n\t\t<div class=\"elementor-element elementor-element-f6a0ead e-con-full e-flex e-con e-child\" data-id=\"f6a0ead\" data-element_type=\"container\">\n\t\t\t\t<div class=\"elementor-element elementor-element-e5a12d7 elementor-view-default elementor-position-top elementor-mobile-position-top elementor-widget elementor-widget-icon-box\" data-id=\"e5a12d7\" data-element_type=\"widget\" data-widget_type=\"icon-box.default\">\n\t\t\t\t<div class=\"elementor-widget-container\">\n\t\t\t\t\t\t\t<div class=\"elementor-icon-box-wrapper\">\n\n\t\t\t\t\t\t<div class=\"elementor-icon-box-icon\">\n\t\t\t\t<span  class=\"elementor-icon\">\n\t\t\t\t<svg aria-hidden=\"true\" class=\"e-font-icon-svg e-fas-dog\" viewBox=\"0 0 576 512\" xmlns=\"http:\/\/www.w3.org\/2000\/svg\"><path d=\"M298.06,224,448,277.55V496a16,16,0,0,1-16,16H368a16,16,0,0,1-16-16V384H192V496a16,16,0,0,1-16,16H112a16,16,0,0,1-16-16V282.09C58.84,268.84,32,233.66,32,192a32,32,0,0,1,64,0,32.06,32.06,0,0,0,32,32ZM544,112v32a64,64,0,0,1-64,64H448v35.58L320,197.87V48c0-14.25,17.22-21.39,27.31-11.31L374.59,64h53.63c10.91,0,23.75,7.92,28.62,17.69L464,96h64A16,16,0,0,1,544,112Zm-112,0a16,16,0,1,0-16,16A16,16,0,0,0,432,112Z\"><\/path><\/svg>\t\t\t\t<\/span>\n\t\t\t<\/div>\n\t\t\t\n\t\t\t\t\t\t<div class=\"elementor-icon-box-content\">\n\n\t\t\t\t\t\t\t\t\t<h3 class=\"elementor-icon-box-title\">\n\t\t\t\t\t\t<span  >\n\t\t\t\t\t\t\tC\u00e3es:\t\t\t\t\t\t<\/span>\n\t\t\t\t\t<\/h3>\n\t\t\t\t\n\t\t\t\t\t\t\t\t\t<p class=\"elementor-icon-box-description\">\n\t\t\t\t\t\t1. Estar acima de 28 kg;<br>2. Idade entre 1 e 8 anos;<br>3. Vacinas e verm\u00edfugo em dia;<br>4. N\u00e3o possuir doen\u00e7as infecciosas;<br>5. N\u00e3o possuir hist\u00f3rico de doen\u00e7as graves;<br>6. No caso de f\u00eamea, n\u00e3o pode estar prenhe ou no cio;<br>7. Jejum de s\u00f3lidos de 6 a 8 horas.\n\t\t\t\t\t<\/p>\n\t\t\t\t\n\t\t\t<\/div>\n\t\t\t\n\t\t<\/div>\n\t\t\t\t\t\t<\/div>\n\t\t\t\t<\/div>\n\t\t\t\t<div class=\"elementor-element elementor-element-8149a12 elementor-view-default elementor-position-top elementor-mobile-position-top elementor-widget elementor-widget-icon-box\" data-id=\"8149a12\" data-element_type=\"widget\" data-widget_type=\"icon-box.default\">\n\t\t\t\t<div class=\"elementor-widget-container\">\n\t\t\t\t\t\t\t<div class=\"elementor-icon-box-wrapper\">\n\n\t\t\t\t\t\t<div class=\"elementor-icon-box-icon\">\n\t\t\t\t<span  class=\"elementor-icon\">\n\t\t\t\t<svg aria-hidden=\"true\" class=\"e-font-icon-svg e-fas-cat\" viewBox=\"0 0 512 512\" xmlns=\"http:\/\/www.w3.org\/2000\/svg\"><path d=\"M290.59 192c-20.18 0-106.82 1.98-162.59 85.95V192c0-52.94-43.06-96-96-96-17.67 0-32 14.33-32 32s14.33 32 32 32c17.64 0 32 14.36 32 32v256c0 35.3 28.7 64 64 64h176c8.84 0 16-7.16 16-16v-16c0-17.67-14.33-32-32-32h-32l128-96v144c0 8.84 7.16 16 16 16h32c8.84 0 16-7.16 16-16V289.86c-10.29 2.67-20.89 4.54-32 4.54-61.81 0-113.52-44.05-125.41-102.4zM448 96h-64l-64-64v134.4c0 53.02 42.98 96 96 96s96-42.98 96-96V32l-64 64zm-72 80c-8.84 0-16-7.16-16-16s7.16-16 16-16 16 7.16 16 16-7.16 16-16 16zm80 0c-8.84 0-16-7.16-16-16s7.16-16 16-16 16 7.16 16 16-7.16 16-16 16z\"><\/path><\/svg>\t\t\t\t<\/span>\n\t\t\t<\/div>\n\t\t\t\n\t\t\t\t\t\t<div class=\"elementor-icon-box-content\">\n\n\t\t\t\t\t\t\t\t\t<h3 class=\"elementor-icon-box-title\">\n\t\t\t\t\t\t<span  >\n\t\t\t\t\t\t\tGatos:\t\t\t\t\t\t<\/span>\n\t\t\t\t\t<\/h3>\n\t\t\t\t\n\t\t\t\t\t\t\t\t\t<p class=\"elementor-icon-box-description\">\n\t\t\t\t\t\t1.&nbsp;Estar acima de 4 kg;<br>2.&nbsp;Idade entre 1 e 8 anos;<br>3.&nbsp;Vacinas e verm\u00edfugo em dia;\n4.&nbsp;N\u00e3o ter acesso \u00e0 rua;<br>5. N\u00e3o possuir doen\u00e7as infeciosas;<br>6.&nbsp;N\u00e3o possuir hist\u00f3rico de doen\u00e7as graves;<br>7. No caso de f\u00eamea, n\u00e3o pode estar prenhe ou no cio;<br>8.&nbsp;Jejum de s\u00f3lidos de 6 a 8 horas.\n<br><br>\t\t\t\t\t<\/p>\n\t\t\t\t\n\t\t\t<\/div>\n\t\t\t\n\t\t<\/div>\n\t\t\t\t\t\t<\/div>\n\t\t\t\t<\/div>\n\t\t\t\t<div class=\"elementor-element elementor-element-cdc4a5c elementor-widget elementor-widget-heading\" data-id=\"cdc4a5c\" data-element_type=\"widget\" data-widget_type=\"heading.default\">\n\t\t\t\t<div class=\"elementor-widget-container\">\n\t\t\t\t\t<h2 class=\"elementor-heading-title elementor-size-default\">**A doa\u00e7\u00e3o \u00e9 segura e pode salvar vidas.<\/h2>\t\t\t\t<\/div>\n\t\t\t\t<\/div>\n\t\t\t\t<\/div>\n\t\t\t\t<\/div>\n\t\t<div class=\"elementor-element elementor-element-58cce41 e-flex e-con-boxed e-con e-parent\" data-id=\"58cce41\" data-element_type=\"container\" data-settings=\"{&quot;background_background&quot;:&quot;classic&quot;}\">\n\t\t\t\t\t<div class=\"e-con-inner\">\n\t\t\t\t<div class=\"elementor-element elementor-element-1970b6c elementor-widget elementor-widget-heading\" data-id=\"1970b6c\" data-element_type=\"widget\" data-widget_type=\"heading.default\">\n\t\t\t\t<div class=\"elementor-widget-container\">\n\t\t\t\t\t<h2 class=\"elementor-heading-title elementor-size-default\">Ficou interessado em tornar seu pet um doador?<\/h2>\t\t\t\t<\/div>\n\t\t\t\t<\/div>\n\t\t\t\t<div class=\"elementor-element elementor-element-689586b elementor-widget elementor-widget-text-editor\" data-id=\"689586b\" data-element_type=\"widget\" data-widget_type=\"text-editor.default\">\n\t\t\t\t<div class=\"elementor-widget-container\">\n\t\t\t\t\t\t\t\t\t<p>Clique no bot\u00e3o abaixo e agende uma avalia\u00e7\u00e3o.<\/p>\t\t\t\t\t\t\t\t<\/div>\n\t\t\t\t<\/div>\n\t\t\t\t<div class=\"elementor-element elementor-element-2cfdbbf elementor-align-center elementor-widget elementor-widget-button\" data-id=\"2cfdbbf\" data-element_type=\"widget\" data-widget_type=\"button.default\">\n\t\t\t\t<div class=\"elementor-widget-container\">\n\t\t\t\t\t\t\t\t\t<div class=\"elementor-button-wrapper\">\n\t\t\t\t\t<a class=\"elementor-button elementor-button-link elementor-size-sm\" href=\"https:\/\/api.whatsapp.com\/send?1=ptBR&#038;phone=5551994789131\" target=\"_blank\">\n\t\t\t\t\t\t<span class=\"elementor-button-content-wrapper\">\n\t\t\t\t\t\t<span class=\"elementor-button-icon\">\n\t\t\t\t<svg aria-hidden=\"true\" class=\"e-font-icon-svg e-fab-whatsapp\" viewBox=\"0 0 448 512\" xmlns=\"http:\/\/www.w3.org\/2000\/svg\"><path d=\"M380.9 97.1C339 55.1 283.2 32 223.9 32c-122.4 0-222 99.6-222 222 0 39.1 10.2 77.3 29.6 111L0 480l117.7-30.9c32.4 17.7 68.9 27 106.1 27h.1c122.3 0 224.1-99.6 224.1-222 0-59.3-25.2-115-67.1-157zm-157 341.6c-33.2 0-65.7-8.9-94-25.7l-6.7-4-69.8 18.3L72 359.2l-4.4-7c-18.5-29.4-28.2-63.3-28.2-98.2 0-101.7 82.8-184.5 184.6-184.5 49.3 0 95.6 19.2 130.4 54.1 34.8 34.9 56.2 81.2 56.1 130.5 0 101.8-84.9 184.6-186.6 184.6zm101.2-138.2c-5.5-2.8-32.8-16.2-37.9-18-5.1-1.9-8.8-2.8-12.5 2.8-3.7 5.6-14.3 18-17.6 21.8-3.2 3.7-6.5 4.2-12 1.4-32.6-16.3-54-29.1-75.5-66-5.7-9.8 5.7-9.1 16.3-30.3 1.8-3.7.9-6.9-.5-9.7-1.4-2.8-12.5-30.1-17.1-41.2-4.5-10.8-9.1-9.3-12.5-9.5-3.2-.2-6.9-.2-10.6-.2-3.7 0-9.7 1.4-14.8 6.9-5.1 5.6-19.4 19-19.4 46.3 0 27.3 19.9 53.7 22.6 57.4 2.8 3.7 39.1 59.7 94.8 83.8 35.2 15.2 49 16.5 66.6 13.9 10.7-1.6 32.8-13.4 37.4-26.4 4.6-13 4.6-24.1 3.2-26.4-1.3-2.5-5-3.9-10.5-6.6z\"><\/path><\/svg>\t\t\t<\/span>\n\t\t\t\t\t\t\t\t\t<span class=\"elementor-button-text\">(51) 99478-9131<\/span>\n\t\t\t\t\t<\/span>\n\t\t\t\t\t<\/a>\n\t\t\t\t<\/div>\n\t\t\t\t\t\t\t\t<\/div>\n\t\t\t\t<\/div>\n\t\t\t\t\t<\/div>\n\t\t\t\t<\/div>\n\t\t<div class=\"elementor-element elementor-element-3a1b263 e-flex e-con-boxed e-con e-parent\" data-id=\"3a1b263\" data-element_type=\"container\">\n\t\t\t\t\t<div class=\"e-con-inner\">\n\t\t\t\t<div class=\"elementor-element elementor-element-e1f063e elementor-widget__width-initial elementor-widget elementor-widget-google_maps\" data-id=\"e1f063e\" data-element_type=\"widget\" data-widget_type=\"google_maps.default\">\n\t\t\t\t<div class=\"elementor-widget-container\">\n\t\t\t\t\t\t\t<div class=\"elementor-custom-embed\">\n\t\t\t<iframe loading=\"lazy\"\n\t\t\t\t\tsrc=\"https:\/\/maps.google.com\/maps?q=R.%20Bar%C3%A3o%20do%20Amazonas%2C%20241%20-%20Petr%C3%B3polis%2C%20Porto%20Alegre%20-%20RS%2C%2090670-003&#038;t=m&#038;z=15&#038;output=embed&#038;iwloc=near\"\n\t\t\t\t\ttitle=\"R. Bar\u00e3o do Amazonas, 241 - Petr\u00f3polis, Porto Alegre - RS, 90670-003\"\n\t\t\t\t\taria-label=\"R. Bar\u00e3o do Amazonas, 241 - Petr\u00f3polis, Porto Alegre - RS, 90670-003\"\n\t\t\t><\/iframe>\n\t\t<\/div>\n\t\t\t\t\t\t<\/div>\n\t\t\t\t<\/div>\n\t\t\t\t\t<\/div>\n\t\t\t\t<\/div>\n\t\t\t\t<\/div>\n\t\t","protected":false},"excerpt":{"rendered":"<p>Banco de Sangue Um dos diferenciais mais not\u00e1veis da Blut&#8217;s \u00e9 o seu pr\u00f3prio banco de sangue. Este recurso permite que a cl\u00ednica mantenha um estoque constante e seguro de sangue, essencial para transfus\u00f5es e tratamentos de emerg\u00eancia. Isso garante que, em situa\u00e7\u00f5es cr\u00edticas, os animais tenham acesso imediato ao suporte necess\u00e1rio, aumentando significativamente suas [&hellip;]<\/p>\n","protected":false},"author":1,"featured_media":0,"parent":0,"menu_order":0,"comment_status":"closed","ping_status":"closed","template":"elementor_header_footer","meta":{"_joinchat":[],"footnotes":""},"class_list":["post-100","page","type-page","status-publish","hentry"],"_links":{"self":[{"href":"https:\/\/bluts.com.br\/index.php?rest_route=\/wp\/v2\/pages\/100","targetHints":{"allow":["GET"]}}],"collection":[{"href":"https:\/\/bluts.com.br\/index.php?rest_route=\/wp\/v2\/pages"}],"about":[{"href":"https:\/\/bluts.com.br\/index.php?rest_route=\/wp\/v2\/types\/page"}],"author":[{"embeddable":true,"href":"https:\/\/bluts.com.br\/index.php?rest_route=\/wp\/v2\/users\/1"}],"replies":[{"embeddable":true,"href":"https:\/\/bluts.com.br\/index.php?rest_route=%2Fwp%2Fv2%2Fcomments&post=100"}],"version-history":[{"count":20,"href":"https:\/\/bluts.com.br\/index.php?rest_route=\/wp\/v2\/pages\/100\/revisions"}],"predecessor-version":[{"id":309,"href":"https:\/\/bluts.com.br\/index.php?rest_route=\/wp\/v2\/pages\/100\/revisions\/309"}],"wp:attachment":[{"href":"https:\/\/bluts.com.br\/index.php?rest_route=%2Fwp%2Fv2%2Fmedia&parent=100"}],"curies":[{"name":"wp","href":"https:\/\/api.w.org\/{rel}","templated":true}]}}